{"id":18,"date":"2025-05-21T14:16:46","date_gmt":"2025-05-21T12:16:46","guid":{"rendered":"https:\/\/adelinetimsit.fr\/?page_id=18"},"modified":"2026-03-05T17:41:11","modified_gmt":"2026-03-05T16:41:11","slug":"accueil","status":"publish","type":"page","link":"https:\/\/adelinetimsit.fr\/en\/","title":{"rendered":"Adeline Timsit Soprano"},"content":{"rendered":"<figure class=\"wp-block-image alignleft size-large is-resized\"><img loading=\"lazy\" decoding=\"async\" width=\"882\" height=\"1024\" src=\"https:\/\/adelinetimsit.fr\/wp-content\/uploads\/2025\/06\/photos-19_05_25-Ad1close-bis-882x1024.jpg\" alt=\"\" class=\"wp-image-244\" style=\"aspect-ratio:0.8613207198081564;width:273px;height:auto\" srcset=\"https:\/\/adelinetimsit.fr\/wp-content\/uploads\/2025\/06\/photos-19_05_25-Ad1close-bis-882x1024.jpg 882w, https:\/\/adelinetimsit.fr\/wp-content\/uploads\/2025\/06\/photos-19_05_25-Ad1close-bis-258x300.jpg 258w, https:\/\/adelinetimsit.fr\/wp-content\/uploads\/2025\/06\/photos-19_05_25-Ad1close-bis-768x892.jpg 768w, https:\/\/adelinetimsit.fr\/wp-content\/uploads\/2025\/06\/photos-19_05_25-Ad1close-bis-1323x1536.jpg 1323w, https:\/\/adelinetimsit.fr\/wp-content\/uploads\/2025\/06\/photos-19_05_25-Ad1close-bis.jpg 1377w\" sizes=\"auto, (max-width: 882px) 100vw, 882px\" \/><\/figure>\n\n\n\n<div class=\"wp-block-cover has-contrast-color has-text-color\"><span aria-hidden=\"true\" class=\"wp-block-cover__background has-base-background-color has-background-dim-100 has-background-dim\"><\/span><div class=\"wp-block-cover__inner-container is-layout-flow wp-block-cover-is-layout-flow\">\n<div class=\"wp-block-columns alignwide is-not-stacked-on-mobile is-layout-flex wp-container-core-columns-is-layout-7ee84d44 wp-block-columns-is-layout-flex\">\n<div class=\"wp-block-column is-layout-flow wp-block-column-is-layout-flow\" style=\"flex-basis:100%\">\n<div class=\"wp-block-columns is-layout-flex wp-container-core-columns-is-layout-28f84493 wp-block-columns-is-layout-flex\">\n<div class=\"wp-block-column is-layout-flow wp-block-column-is-layout-flow\" style=\"flex-basis:100%\">\n<div class=\"wp-block-group is-nowrap is-layout-flex wp-container-core-group-is-layout-6c531013 wp-block-group-is-layout-flex\">\n<div class=\"wp-block-group has-global-padding is-layout-constrained wp-block-group-is-layout-constrained\">\n<h2 class=\"wp-block-heading\">BIO<\/h2>\n\n\n\n<div class=\"wp-block-group alignwide has-small-font-size has-global-padding is-layout-constrained wp-block-group-is-layout-constrained\">\n<p class=\"is-style-default has-medium-font-size\">Adeline began her vocal studies in Paris and discovered her voice and the art of opera with Yva Barth\u00e9lemy and Fabrice Boulanger, then she worked with Martine Surais; and developed her soprano with Christine Schweitzer.<\/p>\n\n\n\n<p class=\"is-style-default has-medium-font-size\">After graduating, she went to London to work with Susan McCullouch, Robin Bowman and obtained her Postgraduate Diploma in Performance at Trinity College of Music.<\/p>\n\n\n\n<p class=\"is-style-default has-medium-font-size\">Her musical quest then led her to New York City, where she received a \"young talent\" grant to work with Johanna Levy and furthered her studies with Lorraine Nubar. Adeline was chosen to sing Donna Elvira in Mozart's Don Giovanni under the baton of Chris Zimmerman.<\/p>\n\n\n\n<p class=\"is-style-default has-medium-font-size\"> Adeline had the opportunity to perform on major stages in the capital and its surroundings: the Op\u00e9ra Garnier with the Paris Opera school, at the Th\u00e9\u00e2tre du Ch\u00e2telet, at the Op\u00e9ra Royal de Versailles, at the Basilica of Saint-Denis for its Festival, at the Royal festival Hall ... Under the baton of Ciryl Diederich, Mark Janowski, Jean-Claude Malgoire, Diego Masson...<\/p>\n\n\n\n<p class=\"is-style-default has-medium-font-size\">During her musical career, she worked on her repertoire with Tereza Zylis-Gara, Jane Rhodes and Roberto Benzi, Jean-Luc Chaignaud... <\/p>\n<\/div>\n\n\n\n<p class=\"has-medium-font-size\">An ambassador of her native language, Adeline gives a series of concerts and recitals in London, then in Manhattan and performs in private salons accompanied on the piano by Ami and Pascal Rog\u00e9. <\/p>\n\n\n\n<p class=\"has-medium-font-size\">Back in Europe, she participated in various productions and concerts, including at L\u2019Espace des Blancs Manteaux and the MPAA\/Auditorium de Saint Germain in Paris, at Saint Eustache, Saint Roch, the Museum of Modern and Contemporary Art in Nice, and the Th\u00e9\u00e2tre Denis in Hy\u00e8res. She also performed at Sa Nostra in Palma de Mallorca. In Switzerland, she was invited to perform in private settings, accompanied on piano by Ami and Pascal Rog\u00e9.<\/p>\n\n\n\n<p class=\"has-medium-font-size\">She was chosen by La Maison Cartier for events and improvised for the \u201cin out\u201d Collective on the airwaves of Radio FMR 89.1, for a \u201cVisual Arts\u201d program.<\/p>\n\n\n\n<p class=\"has-medium-font-size\">She performs at the Clinique de La Borde and at the Bretonneau hospital in Paris, eager to facilitate access to lyrical art and to introduce \u201cbeautiful singing\u201d (Bel Canto) and its benefits in therapeutic places.<\/p>\n\n\n\n<p class=\"has-medium-font-size\">she participated in 2023 in the residency of \u00ab L\u2019enfant et Les Sortil\u00e8ges \u00bb by Ravel, for the role of fire, at the theater \u00ab la petite sc\u00e8ne \u00bb in Saint Nolff with Lucia Di Carlo for the staging and Brigitte Clair for the musical direction on the piano<\/p>\n\n\n\n<p class=\"has-manrope-font-family has-medium-font-size\">In July 2024, Adeline Timsit and Brigitte Clair formed a piano-voice duo with a rich and varied repertoire;They perform in partnership with Voce dell\u2019Alma and have been organizing summer tours in Morbihan since 2025.<\/p>\n\n\n\n<p class=\"has-manrope-font-family has-medium-font-size\">In January 2025, Adeline was invited to sing in Shimonoseki, Japan, with her long-time friend, Ami Rog\u00e9, a concert pianist. A piano-vocal duo of French melodies, piano pieces, and opera arias. Recitals at keiyu-En Chofu Seisakusho Kinenkan and at the Urashima caf\u00e9. Ami and Adeline organized various events to introduce classical singing, live performance, and the French language, such as at Kyosue City Hall. Continuing their quest to share the therapeutic benefits of music and the singing voice, they performed in a medical home, fuji-no-ya.<\/p>\n\n\n\n<p class=\"has-manrope-font-family has-medium-font-size\">They were very well received by the public and sponsored by the city of Shimoseki. They performed again on January 25, 2026 for a recital at the Lifelong Learning Plaza Dreams Ship concert hall.<\/p>\n\n\n\n<p><\/p>\n\n\n\n<p><strong>Bio<\/strong> <img loading=\"lazy\" decoding=\"async\" width=\"33\" height=\"22\" class=\"wp-image-186\" style=\"width: 33px;\" src=\"https:\/\/adelinetimsit.fr\/wp-content\/uploads\/2025\/05\/drapeau-japonais.png\" alt=\"\"><\/p>\n\n\n\n<p class=\"has-medium-font-size\"><strong>Adeline Timsit,  soprano<\/strong><\/p>\n\n\n\n<div class=\"wp-block-group is-nowrap is-layout-flex wp-container-core-group-is-layout-6c531013 wp-block-group-is-layout-flex\">\n<p class=\"has-small-font-size\">\u51fa\u8eab\u5730\u30d1\u30ea\u3067\u58f0\u697d\u3092\u59cb\u3081\u3066\u304b\u3089\u3001\u6709\u540d\u306a\u30b9\u30c6\u30fc\u30b8\u306b\u7acb\u3061\u6f14\u594f\u6d3b\u52d5\u958b\u59cb\u3002\u30d1\u30ea\u30fb\u30ac\u30eb\u30cb\u30a8\u5bae(l&rsquo;Op\u00e9ra Garnier)\u3001\u30b7\u30e3\u30c8\u30ec\u5ea7(le Theatre de Paris)\u3001\u30f4\u30a7\u30eb\u30b5\u30a4\u30e6\u5bae\u6bbf\u738b\u5ba4\u30aa\u30da\u30e9\u5ea7(l&rsquo;Opera Royal de Versailles)\u3001\u30b5\u30f3\uff1d\u30c9\u30cb\u5927\u8056\u5802 (la Basilique de Saint-Denis)\u306a\u3069\u3067\u51fa\u6f14\u3002\u30b7\u30ea\u30eb\u30fb\u30c7\u30a3\u30fc\u30c7\u30ea\u30c3\u30d2Ciryl Diedrich\u306e\u6307\u63ee\u306e\u3082\u3068\u30d1\u30ea\u56fd\u7acb\u6b4c\u5287\u5834\u7ba1\u5f26\u697d\u56e3\u3068\u30d7\u30fc\u30e9\u30f3\u30af\u300c\u30ab\u30eb\u30e1\u30eb\u6d3e\u4fee\u9053\u5973\u306e\u5bfe\u8a71\u300d(Le Dialogue des Carmelites)\u51fa\u6f14\u3002\u30de\u30ec\u30af\u30fb\u30e4\u30ce\u30d5\u30b9\u30adMarek Janowski\u6307\u63ee\u30d5\u30e9\u30f3\u30b9\u653e\u9001\u30d5\u30a3\u30eb\u30cf\u30fc\u30e2\u30cb\u30fc\u7ba1\u5f26\u697d\u56e3\u3068\u30b7\u30e5\u30fc\u30d9\u30eb\u30c8\u306e\u30df\u30b5\u3001\u30b8\u30e3\u30f3\uff1d\u30af\u30ed\u30fc\u30c9\u30fb\u30de\u30eb\u30b4\u30ef\u30fc\u30ebJean-Claude Malgoire\u6307\u63ee\u306e\u3082\u3068\u3001\u30e9\u30e2\u30fcRameau\u306e\u300c\u512a\u96c5\u306a\u30a4\u30f3\u30c9\u306e\u56fd\u3005\u300d(Les Indes Galantes)\u306a\u3069\u3067\u51fa\u6f14\u3002\u5b66\u751f\u6642\u4ee3\u306f\u3001\u30ed\u30f3\u30c9\u30f3\u306e\u30c8\u30ea\u30cb\u30c6\u30a3\u5927\u5b66\u306b\u7559\u5b66\u3002<br>\u30ed\u30a4\u30e4\u30eb\u30fb\u30d5\u30a7\u30b9\u30c6\u30a3\u30d0\u30eb\u30fb\u30db\u30fc\u30eb\u3067\u51fa\u6f14\u3002<br>\u30ed\u30f3\u30c9\u30f3\u306e\u5f8c\u306f\u3001\u5968\u5b66\u91d1\u3067\u7c73\u56fd\u306b\u6e21\u308a\u3001Joanna Levy, Lorraine Nubar \u306b\u5e2b\u4e8b\u3002\u30cf\u30fc\u30c8\u5927\u5b66\u306e\u30aa\u30da\u30e9\u3067Don Giovanni\u3000\u306e\u30d7\u30ed\u30c0\u30af\u30b7\u30e7\u30f3\u3067Donna Anna \u306e\u5f79\u3092\u6f14\u3058\u308b\u3002<\/p>\n<\/div>\n\n\n\n<p class=\"has-small-font-size\">\u305d\u306e\u5f8c\u3001\u30d5\u30e9\u30f3\u30b9\u97f3\u697d\u306e\u30ec\u30d1\u30fc\u30c8\u30ea\u30fc\u306e\u30a2\u30f3\u30d0\u30b5\u30c0\u30fc\u6d3b\u52d5\u3067\u30ea\u30b5\u30a4\u30bf\u30eb\u306e\u6f14\u594f\u6d3b\u52d5\u3092\u4e3b\u306b\u305f\u304f\u3055\u3093\u306e\u30a2\u30fc\u30c6\u30a3\u30b9\u30c8\u3001Jane Rhodes, Roberto Benzi, Dalton Baldwin, Fabrice Boulanger, Jean-Luc Chaignaud, Pascal Rog\u00e9, Ami Rog\u00e9\u3000\u306a\u3069\u3068\u5171\u6f14\u3002<\/p>\n\n\n\n<p class=\"has-small-font-size\">\u58f0\u57df\u306f\u4f4e\u97f3\u304b\u3089\u9ad8\u97f3\u5e45\u5e83\u304f\u3001\u30ec\u30d1\u30fc\u30c8\u30ea\u30fc\u3082\u30d0\u30ed\u30c3\u30af\u304b\u3089\u73fe\u4ee3\u97f3\u697d\u3001\u30f4\u30a3\u30f4\u30a1\u30eb\u30c7\u30a3\u304b\u3089\u30b9\u30c8\u30e9\u30f4\u30a3\u30f3\u30b9\u30ad\u30fc\u3001\u30d9\u30eb\u30ab\u30f3\u30c8\u30aa\u30da\u30e9\u306e\u30d9\u30ea\u30fc\u306b\u304b\u3089\u30d7\u30c3\u30c1\u30fc\u30cb\u3001\u30f4\u30a7\u30eb\u30c7\u30a3\u306a\u3069\u3001\u3068\u3066\u3082\u5e45\u5e83\u3044\u3002<\/p>\n\n\n\n<p class=\"has-small-font-size\">\u6700\u8fd1\u3067\u306f\u3001\u30e9\u30f4\u30a7\u30eb\u306e\u300c\u5b50\u4f9b\u3068\u9b54\u6cd5\u300d(l&rsquo;enfant et les sortil\u00e8ges) \u306e\u300c\u706b\u300d\u306e\u5f79\u3092\u6f14\u3058\u308b\u3002\u30d4\u30a2\u30cb\u30b9\u30c8Brigitte Clair \u3068\u30b3\u30f3\u30b5\u30fc\u30c8\u3000Les Envol\u00e9es Lyriques \u3068\u3044\u3046\u975e\u5e38\u306b\u5e45\u306e\u5e83\u3044\u30ec\u30d1\u30fc\u30c8\u30ea\u30fc\u306e\u30d7\u30ed\u30b0\u30e9\u30e0\u3092l&rsquo;Eglise de Saint Nolff \u3067\u6f14\u594f\u3002<\/p>\n\n\n\n<p class=\"has-small-font-size\">\u73fe\u5728\u3001\u5317\u30d5\u30e9\u30f3\u30b9\u306e\u30d6\u30eb\u30bf\u30fc\u30cb\u30e5\u5730\u65b9\u30ab\u30eb\u30ca\u30c3\u30af\u5728\u4e2d<\/p>\n\n\n\n<p class=\"has-large-font-size\"><\/p>\n<\/div>\n<\/div>\n<\/div>\n<\/div>\n<\/div>\n<\/div>\n<\/div><\/div>","protected":false},"excerpt":{"rendered":"","protected":false},"author":2,"featured_media":0,"parent":0,"menu_order":0,"comment_status":"closed","ping_status":"closed","template":"page-no-title","meta":{"footnotes":""},"class_list":["post-18","page","type-page","status-publish","hentry"],"_links":{"self":[{"href":"https:\/\/adelinetimsit.fr\/en\/wp-json\/wp\/v2\/pages\/18","targetHints":{"allow":["GET"]}}],"collection":[{"href":"https:\/\/adelinetimsit.fr\/en\/wp-json\/wp\/v2\/pages"}],"about":[{"href":"https:\/\/adelinetimsit.fr\/en\/wp-json\/wp\/v2\/types\/page"}],"author":[{"embeddable":true,"href":"https:\/\/adelinetimsit.fr\/en\/wp-json\/wp\/v2\/users\/2"}],"replies":[{"embeddable":true,"href":"https:\/\/adelinetimsit.fr\/en\/wp-json\/wp\/v2\/comments?post=18"}],"version-history":[{"count":57,"href":"https:\/\/adelinetimsit.fr\/en\/wp-json\/wp\/v2\/pages\/18\/revisions"}],"predecessor-version":[{"id":1011,"href":"https:\/\/adelinetimsit.fr\/en\/wp-json\/wp\/v2\/pages\/18\/revisions\/1011"}],"wp:attachment":[{"href":"https:\/\/adelinetimsit.fr\/en\/wp-json\/wp\/v2\/media?parent=18"}],"curies":[{"name":"wp","href":"https:\/\/api.w.org\/{rel}","templated":true}]}}