{"id":346,"date":"2025-06-09T17:22:34","date_gmt":"2025-06-09T15:22:34","guid":{"rendered":"https:\/\/adelinetimsit.fr\/?page_id=346"},"modified":"2026-04-15T14:31:00","modified_gmt":"2026-04-15T12:31:00","slug":"agenda-2025","status":"publish","type":"page","link":"https:\/\/adelinetimsit.fr\/en\/agenda-2025\/","title":{"rendered":"Agenda 2026"},"content":{"rendered":"<h2 class=\"wp-block-heading\">Concerts Bretagne, Morbihan.<\/h2>\n\n\n\n<div class=\"wp-block-media-text is-stacked-on-mobile\" style=\"grid-template-columns:53% auto\"><figure class=\"wp-block-media-text__media\"><img loading=\"lazy\" decoding=\"async\" width=\"724\" height=\"1024\" src=\"https:\/\/adelinetimsit.fr\/wp-content\/uploads\/2026\/04\/QR-724x1024.png\" alt=\"\" class=\"wp-image-1037 size-full\" srcset=\"https:\/\/adelinetimsit.fr\/wp-content\/uploads\/2026\/04\/QR-724x1024.png 724w, https:\/\/adelinetimsit.fr\/wp-content\/uploads\/2026\/04\/QR-212x300.png 212w, https:\/\/adelinetimsit.fr\/wp-content\/uploads\/2026\/04\/QR-768x1086.png 768w, https:\/\/adelinetimsit.fr\/wp-content\/uploads\/2026\/04\/QR-1086x1536.png 1086w, https:\/\/adelinetimsit.fr\/wp-content\/uploads\/2026\/04\/QR-1448x2048.png 1448w, https:\/\/adelinetimsit.fr\/wp-content\/uploads\/2026\/04\/QR-8x12.png 8w, https:\/\/adelinetimsit.fr\/wp-content\/uploads\/2026\/04\/QR.png 1587w\" sizes=\"auto, (max-width: 724px) 100vw, 724px\" \/><\/figure><div class=\"wp-block-media-text__content\">\n<p>Samedi 9 mai 2026, Concert \u00e0 l&rsquo;\u00e9glise Saint Cornely de Carnac. Duo piano-voix.   Adeline Timsit Soprano et Brigitte Clair pianiste-concertiste, avec son piano ph\u0153nix. <\/p>\n\n\n\n<p>Songes, Clairs de lune, r\u00eaves d&rsquo;\u00e9toiles, l&rsquo;univers nocturne en musique: M\u00e9lodies, Lieder, Airs d&rsquo;op\u00e9ra, pi\u00e8ces pour piano: Debussy, Berlioz, Faur\u00e9, Chopin, Scarlatti, Bellini&#8230;<\/p>\n<\/div><\/div>\n\n\n\n<p>Le 16 juillet 2026, \u00e0 la chapelle du Moustoir, \u00e0 locmariaquer.Duo Piano-voix avec la pianiste- concertiste Brigitte Clair et son piano Phoenix. M\u00e9lodies fran\u00e7aises, lieder, airs d&rsquo;Op\u00e9ra et pi\u00e8ces pour piano. Th\u00e8me sur la mer, les courants, les fleuves&#8230; (les horaires pour ce concert bient\u00f4t pr\u00e9cis\u00e9s)<\/p>\n\n\n\n<p>Le 17 septembre 2026, 20h30, \u00e0 l&rsquo;\u00e9glise de Saint Sauveur \u00e0 Auray.Duo Piano-voix avec la pianiste concertiste Brigitte Clair et son piano Phoenix. M\u00e9lodies fran\u00e7aises, lieder, airs d&rsquo;Op\u00e9ra, airs sacr\u00e9s et pi\u00e8ces pour piano.Th\u00e8me sur l&rsquo;automne, septembre, l&rsquo;\u00e9poque romantique des compositeurs europ\u00e9ens &#8230;.<\/p>\n\n\n\n<h2 class=\"wp-block-heading\">Japon janvier 2026<\/h2>\n\n\n\n<div class=\"wp-block-group has-global-padding is-layout-constrained wp-block-group-is-layout-constrained\">\n<div class=\"wp-block-columns is-layout-flex wp-container-core-columns-is-layout-28f84493 wp-block-columns-is-layout-flex\">\n<div class=\"wp-block-column is-layout-flow wp-block-column-is-layout-flow\" style=\"flex-basis:100%\">\n<div class=\"wp-block-columns is-layout-flex wp-container-core-columns-is-layout-28f84493 wp-block-columns-is-layout-flex\">\n<div class=\"wp-block-column is-layout-flow wp-block-column-is-layout-flow\" style=\"flex-basis:100%\">\n<div class=\"wp-block-group is-nowrap is-layout-flex wp-container-core-group-is-layout-6c531013 wp-block-group-is-layout-flex\">\n<figure class=\"wp-block-gallery has-nested-images columns-default is-cropped wp-block-gallery-1 is-layout-flex wp-block-gallery-is-layout-flex\">\n<figure class=\"wp-block-image size-large wp-container-content-69bc4bdf\"><img loading=\"lazy\" decoding=\"async\" width=\"724\" height=\"1024\" data-id=\"856\" src=\"https:\/\/adelinetimsit.fr\/wp-content\/uploads\/2025\/12\/IMG-20251201-WA00011-724x1024.jpg\" alt=\"\" class=\"wp-image-856\" srcset=\"https:\/\/adelinetimsit.fr\/wp-content\/uploads\/2025\/12\/IMG-20251201-WA00011-724x1024.jpg 724w, https:\/\/adelinetimsit.fr\/wp-content\/uploads\/2025\/12\/IMG-20251201-WA00011-212x300.jpg 212w, https:\/\/adelinetimsit.fr\/wp-content\/uploads\/2025\/12\/IMG-20251201-WA00011-768x1086.jpg 768w, https:\/\/adelinetimsit.fr\/wp-content\/uploads\/2025\/12\/IMG-20251201-WA00011-1086x1536.jpg 1086w, https:\/\/adelinetimsit.fr\/wp-content\/uploads\/2025\/12\/IMG-20251201-WA00011-8x12.jpg 8w, https:\/\/adelinetimsit.fr\/wp-content\/uploads\/2025\/12\/IMG-20251201-WA00011.jpg 1131w\" sizes=\"auto, (max-width: 724px) 100vw, 724px\" \/><\/figure>\n<\/figure>\n\n\n\n<figure class=\"wp-block-image alignright size-large\"><img loading=\"lazy\" decoding=\"async\" width=\"1024\" height=\"520\" src=\"https:\/\/adelinetimsit.fr\/wp-content\/uploads\/2025\/05\/Salle-Shimonoseki-lifelong-concert-hall-1-1024x520.jpg\" alt=\"\" class=\"wp-image-61\" srcset=\"https:\/\/adelinetimsit.fr\/wp-content\/uploads\/2025\/05\/Salle-Shimonoseki-lifelong-concert-hall-1-1024x520.jpg 1024w, https:\/\/adelinetimsit.fr\/wp-content\/uploads\/2025\/05\/Salle-Shimonoseki-lifelong-concert-hall-1-300x152.jpg 300w, https:\/\/adelinetimsit.fr\/wp-content\/uploads\/2025\/05\/Salle-Shimonoseki-lifelong-concert-hall-1-768x390.jpg 768w, https:\/\/adelinetimsit.fr\/wp-content\/uploads\/2025\/05\/Salle-Shimonoseki-lifelong-concert-hall-1-1536x780.jpg 1536w, https:\/\/adelinetimsit.fr\/wp-content\/uploads\/2025\/05\/Salle-Shimonoseki-lifelong-concert-hall-1-2048x1040.jpg 2048w\" sizes=\"auto, (max-width: 1024px) 100vw, 1024px\" \/><figcaption class=\"wp-element-caption\">Concert le 25 janvier 2026 au Lifelong Learning Plaza Dream Ship Concert Hall \u00e0 Shimonoseki.<\/figcaption><\/figure>\n<\/div>\n<\/div>\n<\/div>\n<\/div>\n<\/div>\n<\/div>\n\n\n\n<div class=\"wp-block-media-text is-stacked-on-mobile\" style=\"grid-template-columns:29% auto\"><figure class=\"wp-block-media-text__media\"><img loading=\"lazy\" decoding=\"async\" width=\"401\" height=\"466\" src=\"https:\/\/adelinetimsit.fr\/wp-content\/uploads\/2025\/07\/ami-2025.jpg\" alt=\"\" class=\"wp-image-593 size-full\" srcset=\"https:\/\/adelinetimsit.fr\/wp-content\/uploads\/2025\/07\/ami-2025.jpg 401w, https:\/\/adelinetimsit.fr\/wp-content\/uploads\/2025\/07\/ami-2025-258x300.jpg 258w, https:\/\/adelinetimsit.fr\/wp-content\/uploads\/2025\/07\/ami-2025-10x12.jpg 10w\" sizes=\"auto, (max-width: 401px) 100vw, 401px\" \/><\/figure><div class=\"wp-block-media-text__content\">\n<p>Ami Rog\u00e9, <\/p>\n\n\n\n<p>Pianiste concertiste<\/p>\n\n\n\n<p><a href=\"http:\/\/amiroge.com\">http:\/\/amiroge.com<\/a><\/p>\n<\/div><\/div>\n\n\n\n<p><\/p>\n\n\n\n<p><\/p>\n\n\n\n<p><\/p>\n\n\n\n<h2 class=\"wp-block-heading\">Concerts<strong>  <\/strong><\/h2>\n\n\n\n<p><strong>\"lyrical flights\" series<\/strong> 2025\/2024<\/p>\n\n\n\n<div class=\"wp-block-group has-global-padding is-layout-constrained wp-block-group-is-layout-constrained\">\n<div class=\"wp-block-columns is-layout-flex wp-container-core-columns-is-layout-28f84493 wp-block-columns-is-layout-flex\">\n<div class=\"wp-block-column is-layout-flow wp-block-column-is-layout-flow\" style=\"flex-basis:100%\">\n<div class=\"wp-block-columns is-layout-flex wp-container-core-columns-is-layout-28f84493 wp-block-columns-is-layout-flex\">\n<div class=\"wp-block-column is-layout-flow wp-block-column-is-layout-flow\" style=\"flex-basis:100%\">\n<div class=\"wp-block-group has-global-padding is-layout-constrained wp-block-group-is-layout-constrained\">\n<div class=\"wp-block-columns is-layout-flex wp-container-core-columns-is-layout-28f84493 wp-block-columns-is-layout-flex\">\n<div class=\"wp-block-column is-layout-flow wp-block-column-is-layout-flow\">\n<figure class=\"wp-block-image size-large\"><img loading=\"lazy\" decoding=\"async\" width=\"724\" height=\"1024\" src=\"https:\/\/adelinetimsit.fr\/wp-content\/uploads\/2025\/05\/affiche-20082025-724x1024.png\" alt=\"\" class=\"wp-image-46\" srcset=\"https:\/\/adelinetimsit.fr\/wp-content\/uploads\/2025\/05\/affiche-20082025-724x1024.png 724w, https:\/\/adelinetimsit.fr\/wp-content\/uploads\/2025\/05\/affiche-20082025-212x300.png 212w, https:\/\/adelinetimsit.fr\/wp-content\/uploads\/2025\/05\/affiche-20082025-768x1086.png 768w, https:\/\/adelinetimsit.fr\/wp-content\/uploads\/2025\/05\/affiche-20082025-1086x1536.png 1086w, https:\/\/adelinetimsit.fr\/wp-content\/uploads\/2025\/05\/affiche-20082025-1448x2048.png 1448w, https:\/\/adelinetimsit.fr\/wp-content\/uploads\/2025\/05\/affiche-20082025.png 1587w\" sizes=\"auto, (max-width: 724px) 100vw, 724px\" \/><\/figure>\n<\/div>\n\n\n\n<div class=\"wp-block-column is-layout-flow wp-block-column-is-layout-flow\">\n<figure class=\"wp-block-image size-large\"><img loading=\"lazy\" decoding=\"async\" width=\"724\" height=\"1024\" src=\"https:\/\/adelinetimsit.fr\/wp-content\/uploads\/2025\/05\/affiche-du-18-juillet-2025-au-fil-de-leau-724x1024.png\" alt=\"\" class=\"wp-image-45\" srcset=\"https:\/\/adelinetimsit.fr\/wp-content\/uploads\/2025\/05\/affiche-du-18-juillet-2025-au-fil-de-leau-724x1024.png 724w, https:\/\/adelinetimsit.fr\/wp-content\/uploads\/2025\/05\/affiche-du-18-juillet-2025-au-fil-de-leau-212x300.png 212w, https:\/\/adelinetimsit.fr\/wp-content\/uploads\/2025\/05\/affiche-du-18-juillet-2025-au-fil-de-leau-768x1086.png 768w, https:\/\/adelinetimsit.fr\/wp-content\/uploads\/2025\/05\/affiche-du-18-juillet-2025-au-fil-de-leau-1086x1536.png 1086w, https:\/\/adelinetimsit.fr\/wp-content\/uploads\/2025\/05\/affiche-du-18-juillet-2025-au-fil-de-leau-1448x2048.png 1448w, https:\/\/adelinetimsit.fr\/wp-content\/uploads\/2025\/05\/affiche-du-18-juillet-2025-au-fil-de-leau.png 1587w\" sizes=\"auto, (max-width: 724px) 100vw, 724px\" \/><\/figure>\n<\/div>\n\n\n\n<div class=\"wp-block-column is-layout-flow wp-block-column-is-layout-flow\">\n<figure class=\"wp-block-image size-large\"><img loading=\"lazy\" decoding=\"async\" width=\"724\" height=\"1024\" src=\"https:\/\/adelinetimsit.fr\/wp-content\/uploads\/2025\/05\/affiche-du-24-avril-2025-reve-damour-724x1024.png\" alt=\"\" class=\"wp-image-70\" srcset=\"https:\/\/adelinetimsit.fr\/wp-content\/uploads\/2025\/05\/affiche-du-24-avril-2025-reve-damour-724x1024.png 724w, https:\/\/adelinetimsit.fr\/wp-content\/uploads\/2025\/05\/affiche-du-24-avril-2025-reve-damour-212x300.png 212w, https:\/\/adelinetimsit.fr\/wp-content\/uploads\/2025\/05\/affiche-du-24-avril-2025-reve-damour-768x1086.png 768w, https:\/\/adelinetimsit.fr\/wp-content\/uploads\/2025\/05\/affiche-du-24-avril-2025-reve-damour-1086x1536.png 1086w, https:\/\/adelinetimsit.fr\/wp-content\/uploads\/2025\/05\/affiche-du-24-avril-2025-reve-damour.png 1414w\" sizes=\"auto, (max-width: 724px) 100vw, 724px\" \/><\/figure>\n<\/div>\n<\/div>\n\n\n\n<div class=\"wp-block-columns is-layout-flex wp-container-core-columns-is-layout-28f84493 wp-block-columns-is-layout-flex\">\n<div class=\"wp-block-column is-layout-flow wp-block-column-is-layout-flow\"><\/div>\n\n\n\n<div class=\"wp-block-column is-layout-flow wp-block-column-is-layout-flow\"><\/div>\n<\/div>\n<\/div>\n<\/div>\n<\/div>\n<\/div>\n<\/div>\n<\/div>\n\n\n\n<div class=\"wp-block-group has-global-padding is-layout-constrained wp-block-group-is-layout-constrained\">\n<div class=\"wp-block-columns is-layout-flex wp-container-core-columns-is-layout-28f84493 wp-block-columns-is-layout-flex\">\n<div class=\"wp-block-column is-layout-flow wp-block-column-is-layout-flow\" style=\"flex-basis:100%\">\n<div class=\"wp-block-group has-global-padding is-layout-constrained wp-block-group-is-layout-constrained\">\n<div class=\"wp-block-columns is-layout-flex wp-container-core-columns-is-layout-28f84493 wp-block-columns-is-layout-flex\">\n<div class=\"wp-block-column is-layout-flow wp-block-column-is-layout-flow\" style=\"flex-basis:100%\">\n<div class=\"wp-block-columns is-layout-flex wp-container-core-columns-is-layout-28f84493 wp-block-columns-is-layout-flex\">\n<div class=\"wp-block-column is-layout-flow wp-block-column-is-layout-flow\" style=\"flex-basis:33.33%\">\n<figure class=\"wp-block-image size-large\"><img loading=\"lazy\" decoding=\"async\" width=\"724\" height=\"1024\" src=\"https:\/\/adelinetimsit.fr\/wp-content\/uploads\/2025\/06\/2024.07.26-affiche-retenue-st-nolff-A4-724x1024.jpg\" alt=\"\" class=\"wp-image-445\" srcset=\"https:\/\/adelinetimsit.fr\/wp-content\/uploads\/2025\/06\/2024.07.26-affiche-retenue-st-nolff-A4-724x1024.jpg 724w, https:\/\/adelinetimsit.fr\/wp-content\/uploads\/2025\/06\/2024.07.26-affiche-retenue-st-nolff-A4-212x300.jpg 212w, https:\/\/adelinetimsit.fr\/wp-content\/uploads\/2025\/06\/2024.07.26-affiche-retenue-st-nolff-A4-768x1086.jpg 768w, https:\/\/adelinetimsit.fr\/wp-content\/uploads\/2025\/06\/2024.07.26-affiche-retenue-st-nolff-A4-1086x1536.jpg 1086w, https:\/\/adelinetimsit.fr\/wp-content\/uploads\/2025\/06\/2024.07.26-affiche-retenue-st-nolff-A4-1448x2048.jpg 1448w, https:\/\/adelinetimsit.fr\/wp-content\/uploads\/2025\/06\/2024.07.26-affiche-retenue-st-nolff-A4-8x12.jpg 8w, https:\/\/adelinetimsit.fr\/wp-content\/uploads\/2025\/06\/2024.07.26-affiche-retenue-st-nolff-A4-scaled.jpg 1810w\" sizes=\"auto, (max-width: 724px) 100vw, 724px\" \/><\/figure>\n<\/div>\n\n\n\n<div class=\"wp-block-column is-layout-flow wp-block-column-is-layout-flow\" style=\"flex-basis:66.66%\">\n<div class=\"wp-block-media-text is-stacked-on-mobile\"><figure class=\"wp-block-media-text__media\"><img loading=\"lazy\" decoding=\"async\" width=\"436\" height=\"428\" src=\"https:\/\/adelinetimsit.fr\/wp-content\/uploads\/2025\/05\/Brigitte-Clair-portrait-1.jpg\" alt=\"\" class=\"wp-image-201 size-full\" srcset=\"https:\/\/adelinetimsit.fr\/wp-content\/uploads\/2025\/05\/Brigitte-Clair-portrait-1.jpg 436w, https:\/\/adelinetimsit.fr\/wp-content\/uploads\/2025\/05\/Brigitte-Clair-portrait-1-300x294.jpg 300w\" sizes=\"auto, (max-width: 436px) 100vw, 436px\" \/><\/figure><div class=\"wp-block-media-text__content\">\n<p>Brigitte Clair<\/p>\n\n\n\n<p>Pianiste concertiste<\/p>\n<\/div><\/div>\n<\/div>\n<\/div>\n<\/div>\n<\/div>\n<\/div>\n<\/div>\n<\/div>\n<\/div>\n\n\n\n<div class=\"wp-block-columns is-layout-flex wp-container-core-columns-is-layout-28f84493 wp-block-columns-is-layout-flex\">\n<div class=\"wp-block-column is-layout-flow wp-block-column-is-layout-flow\"><\/div>\n\n\n\n<div class=\"wp-block-column is-layout-flow wp-block-column-is-layout-flow\"><\/div>\n<\/div>\n\n\n\n<h2 class=\"wp-block-heading\">Concerts au Japon 2025<\/h2>\n\n\n\n<div class=\"wp-block-group is-layout-grid wp-container-core-group-is-layout-478b6e6b wp-block-group-is-layout-grid\">\n<div class=\"wp-block-group has-global-padding is-layout-constrained wp-block-group-is-layout-constrained\">\n<figure class=\"wp-block-image size-large\"><img loading=\"lazy\" decoding=\"async\" width=\"695\" height=\"1024\" src=\"https:\/\/adelinetimsit.fr\/wp-content\/uploads\/2025\/05\/affiches-concert-japon-Ami-2025-3-695x1024.jpg\" alt=\"\" class=\"wp-image-72\" srcset=\"https:\/\/adelinetimsit.fr\/wp-content\/uploads\/2025\/05\/affiches-concert-japon-Ami-2025-3-695x1024.jpg 695w, https:\/\/adelinetimsit.fr\/wp-content\/uploads\/2025\/05\/affiches-concert-japon-Ami-2025-3-204x300.jpg 204w, https:\/\/adelinetimsit.fr\/wp-content\/uploads\/2025\/05\/affiches-concert-japon-Ami-2025-3-768x1131.jpg 768w, https:\/\/adelinetimsit.fr\/wp-content\/uploads\/2025\/05\/affiches-concert-japon-Ami-2025-3-1043x1536.jpg 1043w, https:\/\/adelinetimsit.fr\/wp-content\/uploads\/2025\/05\/affiches-concert-japon-Ami-2025-3.jpg 1052w\" sizes=\"auto, (max-width: 695px) 100vw, 695px\" \/><\/figure>\n<\/div>\n\n\n\n<figure class=\"wp-block-image size-large wp-container-content-69bc4bdf\"><img loading=\"lazy\" decoding=\"async\" width=\"724\" height=\"1024\" src=\"https:\/\/adelinetimsit.fr\/wp-content\/uploads\/2025\/05\/affiches-concert-japon-Ami-2025-1-724x1024.jpg\" alt=\"\" class=\"wp-image-71\" srcset=\"https:\/\/adelinetimsit.fr\/wp-content\/uploads\/2025\/05\/affiches-concert-japon-Ami-2025-1-724x1024.jpg 724w, https:\/\/adelinetimsit.fr\/wp-content\/uploads\/2025\/05\/affiches-concert-japon-Ami-2025-1-212x300.jpg 212w, https:\/\/adelinetimsit.fr\/wp-content\/uploads\/2025\/05\/affiches-concert-japon-Ami-2025-1-768x1086.jpg 768w, https:\/\/adelinetimsit.fr\/wp-content\/uploads\/2025\/05\/affiches-concert-japon-Ami-2025-1-1087x1536.jpg 1087w, https:\/\/adelinetimsit.fr\/wp-content\/uploads\/2025\/05\/affiches-concert-japon-Ami-2025-1.jpg 1132w\" sizes=\"auto, (max-width: 724px) 100vw, 724px\" \/><\/figure>\n<\/div>","protected":false},"excerpt":{"rendered":"<p>Concerts Bretagne, Morbihan. Samedi 9 mai 2026, Concert \u00e0 l&rsquo;\u00e9glise Saint Cornely de Carnac. Duo piano-voix. Adeline Timsit Soprano et Brigitte Clair pianiste-concertiste, avec son piano ph\u0153nix. Songes, Clairs de lune, r\u00eaves d&rsquo;\u00e9toiles, l&rsquo;univers nocturne en musique: M\u00e9lodies, Lieder, Airs d&rsquo;op\u00e9ra, pi\u00e8ces pour piano: Debussy, Berlioz, Faur\u00e9, Chopin, Scarlatti, Bellini&#8230; Le 16 juillet 2026, \u00e0 [&hellip;]<\/p>\n","protected":false},"author":2,"featured_media":0,"parent":0,"menu_order":0,"comment_status":"closed","ping_status":"closed","template":"","meta":{"footnotes":""},"class_list":["post-346","page","type-page","status-publish","hentry"],"_links":{"self":[{"href":"https:\/\/adelinetimsit.fr\/en\/wp-json\/wp\/v2\/pages\/346","targetHints":{"allow":["GET"]}}],"collection":[{"href":"https:\/\/adelinetimsit.fr\/en\/wp-json\/wp\/v2\/pages"}],"about":[{"href":"https:\/\/adelinetimsit.fr\/en\/wp-json\/wp\/v2\/types\/page"}],"author":[{"embeddable":true,"href":"https:\/\/adelinetimsit.fr\/en\/wp-json\/wp\/v2\/users\/2"}],"replies":[{"embeddable":true,"href":"https:\/\/adelinetimsit.fr\/en\/wp-json\/wp\/v2\/comments?post=346"}],"version-history":[{"count":40,"href":"https:\/\/adelinetimsit.fr\/en\/wp-json\/wp\/v2\/pages\/346\/revisions"}],"predecessor-version":[{"id":1039,"href":"https:\/\/adelinetimsit.fr\/en\/wp-json\/wp\/v2\/pages\/346\/revisions\/1039"}],"wp:attachment":[{"href":"https:\/\/adelinetimsit.fr\/en\/wp-json\/wp\/v2\/media?parent=346"}],"curies":[{"name":"wp","href":"https:\/\/api.w.org\/{rel}","templated":true}]}}