{"id":75,"date":"2025-05-21T17:30:40","date_gmt":"2025-05-21T15:30:40","guid":{"rendered":"https:\/\/adelinetimsit.fr\/?page_id=75"},"modified":"2026-03-05T17:28:14","modified_gmt":"2026-03-05T16:28:14","slug":"__trashed-2","status":"publish","type":"page","link":"https:\/\/adelinetimsit.fr\/en\/__trashed-2\/","title":{"rendered":"preamble"},"content":{"rendered":"<figure class=\"wp-block-image alignleft size-large is-resized\"><img loading=\"lazy\" decoding=\"async\" width=\"605\" height=\"1024\" src=\"https:\/\/adelinetimsit.fr\/wp-content\/uploads\/2025\/07\/concert-du-18-juillet-2025-st-joseph-trinite-Ad2-29-605x1024.jpg\" alt=\"\" class=\"wp-image-606\" style=\"aspect-ratio:0.5908096245780461;width:291px;height:auto\" srcset=\"https:\/\/adelinetimsit.fr\/wp-content\/uploads\/2025\/07\/concert-du-18-juillet-2025-st-joseph-trinite-Ad2-29-605x1024.jpg 605w, https:\/\/adelinetimsit.fr\/wp-content\/uploads\/2025\/07\/concert-du-18-juillet-2025-st-joseph-trinite-Ad2-29-177x300.jpg 177w, https:\/\/adelinetimsit.fr\/wp-content\/uploads\/2025\/07\/concert-du-18-juillet-2025-st-joseph-trinite-Ad2-29-7x12.jpg 7w, https:\/\/adelinetimsit.fr\/wp-content\/uploads\/2025\/07\/concert-du-18-juillet-2025-st-joseph-trinite-Ad2-29.jpg 707w\" sizes=\"auto, (max-width: 605px) 100vw, 605px\" \/><\/figure>\n\n\n\n<div class=\"wp-block-group has-global-padding is-layout-constrained wp-block-group-is-layout-constrained\">\n<p class=\"is-style-default has-medium-font-size\">Passionate about the voice, its functioning, and operatic singing, Adeline offers recitals and concerts.<\/p>\n\n\n\n<p class=\"has-medium-font-size\">A supporter of live, she facilitates opportunities for access to this living art, in places close to home for an informed public and also to encourage neophytes to come and discover it.<\/p>\n\n\n\n<p class=\"has-medium-font-size\">Those who thought they didn't \"like\" or weren't \"disposed\" to appreciate this art of classical singing are sometimes extremely surprised by their feelings; it's a real revelation! An intense and moving experience that makes them want to explore by listening to the entire works, going to the Opera and other concerts...<\/p>\n\n\n\n<p class=\"has-medium-font-size\">Numerous testimonies in this regard have confirmed the importance of reaching out to audiences in simple, nearby, or unusual venues for this musical genre. This redefines the usefulness and necessity of singing in venues accessible to all to restore to this art form its modernity and inherent benefits. <\/p>\n\n\n\n<p class=\"has-medium-font-size\">It's also a way to revive a taste for \"live\" and for performing art that passes without a screen but directly from one person to another. An instant moment where only our bodies and our sensations sort through and record. A unique and sensitive sharing.<\/p>\n\n\n\n<p class=\"has-medium-font-size\">The opera arias, the melodies, the lieder... and the various shared compositions are full of beautiful feelings, passions, betrayals... a rich and varied repertoire, regardless of the language, the period, everything is conveyed by music and song.<\/p>\n\n\n\n<p class=\"is-style-default has-medium-font-size\">Lyric art is an incandescent, vibrant, and eternal art. It speaks to us all and transports us<\/p>\n\n\n\n<p class=\"has-medium-font-size\"><\/p>\n\n\n\n<p class=\"is-style-default has-medium-font-size\"><\/p>\n<\/div>\n\n\n\n<p><\/p>\n\n\n\n<p><\/p>","protected":false},"excerpt":{"rendered":"<p>Passionn\u00e9e par la voix, son fonctionnement et le chant lyrique, Adeline propose des r\u00e9citals et des concerts accompagn\u00e9e par un pianiste . Partisane du \u00ab\u00a0directe\u00a0\u00bb, elle facilite les opportunit\u00e9s d\u2019acc\u00e8s \u00e0 cet art vivant, dans des lieux proches de chez soi pour un public averti et inciter les n\u00e9ophytes \u00e0 venir le d\u00e9couvrir. Ceux qui [&hellip;]<\/p>\n","protected":false},"author":2,"featured_media":0,"parent":0,"menu_order":0,"comment_status":"closed","ping_status":"closed","template":"","meta":{"footnotes":""},"class_list":["post-75","page","type-page","status-publish","hentry"],"_links":{"self":[{"href":"https:\/\/adelinetimsit.fr\/en\/wp-json\/wp\/v2\/pages\/75","targetHints":{"allow":["GET"]}}],"collection":[{"href":"https:\/\/adelinetimsit.fr\/en\/wp-json\/wp\/v2\/pages"}],"about":[{"href":"https:\/\/adelinetimsit.fr\/en\/wp-json\/wp\/v2\/types\/page"}],"author":[{"embeddable":true,"href":"https:\/\/adelinetimsit.fr\/en\/wp-json\/wp\/v2\/users\/2"}],"replies":[{"embeddable":true,"href":"https:\/\/adelinetimsit.fr\/en\/wp-json\/wp\/v2\/comments?post=75"}],"version-history":[{"count":100,"href":"https:\/\/adelinetimsit.fr\/en\/wp-json\/wp\/v2\/pages\/75\/revisions"}],"predecessor-version":[{"id":1008,"href":"https:\/\/adelinetimsit.fr\/en\/wp-json\/wp\/v2\/pages\/75\/revisions\/1008"}],"wp:attachment":[{"href":"https:\/\/adelinetimsit.fr\/en\/wp-json\/wp\/v2\/media?parent=75"}],"curies":[{"name":"wp","href":"https:\/\/api.w.org\/{rel}","templated":true}]}}