{"id":80,"date":"2025-05-21T17:30:53","date_gmt":"2025-05-21T15:30:53","guid":{"rendered":"https:\/\/adelinetimsit.fr\/?page_id=80"},"modified":"2026-03-25T15:00:33","modified_gmt":"2026-03-25T14:00:33","slug":"__trashed-3","status":"publish","type":"page","link":"https:\/\/adelinetimsit.fr\/en\/__trashed-3\/","title":{"rendered":"R\u00e9pertoire r\u00e9citals"},"content":{"rendered":"<div class=\"wp-block-columns is-style-section-4 is-layout-flex wp-container-core-columns-is-layout-28f84493 wp-block-columns-is-layout-flex is-style-section-4--1\">\n<div class=\"wp-block-column is-style-section-4 is-layout-flow wp-block-column-is-layout-flow is-style-section-4--2\" style=\"flex-basis:50%\">\n<div class=\"wp-block-cover\" style=\"padding-top:0;padding-right:0;padding-bottom:0;padding-left:0\"><span aria-hidden=\"true\" class=\"wp-block-cover__background has-background-dim\"><\/span><div class=\"wp-block-cover__inner-container is-layout-flow wp-block-cover-is-layout-flow\">\n<div class=\"wp-block-columns is-style-section-4 is-layout-flex wp-container-core-columns-is-layout-28f84493 wp-block-columns-is-layout-flex is-style-section-4--3\">\n<div class=\"wp-block-column is-layout-flow wp-container-core-column-is-layout-22223934 wp-block-column-is-layout-flow\" style=\"flex-basis:100%\">\n<div class=\"wp-block-columns is-layout-flex wp-container-core-columns-is-layout-28f84493 wp-block-columns-is-layout-flex\">\n<div class=\"wp-block-column is-vertically-aligned-center is-style-default is-layout-flow wp-block-column-is-layout-flow\" style=\"flex-basis:100%\">\n<div class=\"wp-block-group is-style-section-2 has-medium-font-size is-vertical is-content-justification-center is-layout-flex wp-container-core-group-is-layout-6363bf74 wp-block-group-is-layout-flex is-style-section-2--4\">\n<div class=\"wp-block-columns is-not-stacked-on-mobile is-layout-flex wp-container-core-columns-is-layout-28f84493 wp-block-columns-is-layout-flex\">\n<div class=\"wp-block-column is-layout-flow wp-block-column-is-layout-flow\" style=\"flex-basis:100%\">\n<p class=\"has-x-large-font-size wp-container-content-9cfa9a5a\"><strong>Airs d&rsquo;Op\u00e9ra<\/strong>:<\/p>\n<\/div>\n<\/div>\n\n\n\n<p class=\"has-large-font-size\"><strong>Bellini <\/strong>:<\/p>\n\n\n\n<p class=\"has-text-align-left\"><strong>I Puritani&nbsp;\/Elvira :<\/strong><\/p>\n\n\n\n<p>\u00ab&nbsp;Qui la voce sua suave, vien diletto&nbsp;\u00bb.<\/p>\n\n\n\n<p><strong>Norma&nbsp;: \u00ab&nbsp;<\/strong>Casta Diva&nbsp;\u00bb<\/p>\n\n\n\n<p><strong>Cil\u00e9o \/ Adrianna Lecouvreur.<\/strong><\/p>\n\n\n\n<p>\u00ab\u00a0Ecco, respiro appena\u00a0\u00bb<\/p>\n\n\n\n<p class=\"has-medium-font-size\"><strong>Massenet<\/strong> :<\/p>\n\n\n\n<p class=\"has-medium-font-size\"><strong>H\u00e9rodiade\/Salom\u00e9&nbsp;<\/strong>:<\/p>\n\n\n\n<p class=\"has-medium-font-size\">\u00ab&nbsp;Il est doux, il est bon&nbsp;\u00bb.<\/p>\n\n\n\n<p><strong>Le cid\/Chim\u00e8ne<\/strong>&nbsp;:<\/p>\n\n\n\n<p>\u00ab&nbsp;Pleurez, pleurez mes yeux&nbsp;\u00bb.<\/p>\n\n\n\n<p class=\"has-large-font-size\"><strong>Puccini<\/strong>&nbsp;:<\/p>\n\n\n\n<p><strong>La Boh\u00e8me\/ Musetta:<\/strong><\/p>\n\n\n\n<p>\u00ab\u00a0Quando m&rsquo;en vo\u00a0\u00bb<\/p>\n\n\n\n<p><strong>Gianni Schicchi<\/strong><strong> \/Lauretta<\/strong>:<\/p>\n\n\n\n<p>\u201co mio babbino caro\u201d. <\/p>\n\n\n\n<p><strong>La Rondine<\/strong><\/p>\n\n\n\n<p>\u00ab\u00a0Che il bel sogno di Doretta.<\/p>\n\n\n\n<p><strong>Turandot\/Li\u00fa<\/strong><\/p>\n\n\n\n<p>\u00ab\u00a0Signore Ascolta\u00a0\u00bb \u00ab\u00a0Tu che di gel\u00a0\u00bb<\/p>\n\n\n\n<p><strong>Madama Butterfly\/ Cio-Cio San<\/strong><\/p>\n\n\n\n<p>\u00a0\u00bb Spira sul mare\u00a0\u00bb \u00a0\u00bb Un Bel d\u00ed\u00a0\u00bb<\/p>\n\n\n\n<p><strong>Tosca \/Flora<\/strong><br>\u00ab\u00a0Vissi d\u2019arte\u00a0\u00bb.<\/p>\n\n\n\n<p class=\"has-large-font-size\"><strong>Rossini<\/strong>:<\/p>\n\n\n\n<p><strong>Mahometto II\/Anna<\/strong>: \u00ab\u00a0Giusto Ciel\u00a0\u00bb.<\/p>\n\n\n\n<p><strong>Guillaume tell\/ Mathilde<\/strong>:<\/p>\n\n\n\n<p> \u00ab\u00a0Sombre for\u00eat\u00a0\u00bb<\/p>\n\n\n\n<p class=\"has-large-font-size\">Offenbach<\/p>\n\n\n\n<p>Les Contes d&rsquo;Hoffmann\/ Antonia<\/p>\n\n\n\n<p>\u00ab\u00a0Elle a fuit la tourterelle\u00a0\u00bb<\/p>\n<\/div>\n\n\n\n<p><\/p>\n\n\n\n<p><\/p>\n\n\n\n<p><\/p>\n\n\n\n<p><\/p>\n\n\n\n<p><\/p>\n\n\n\n<p><\/p>\n\n\n\n<p><\/p>\n\n\n\n<p><\/p>\n\n\n\n<p><\/p>\n<\/div>\n<\/div>\n<\/div>\n<\/div>\n<\/div><\/div>\n\n\n\n<p><\/p>\n<\/div>\n\n\n\n<div class=\"wp-block-column is-vertically-aligned-center is-style-default has-medium-font-size has-global-padding is-content-justification-center is-layout-constrained wp-container-core-column-is-layout-9d7e49c6 wp-block-column-is-layout-constrained\" style=\"padding-top:var(--wp--preset--spacing--20);padding-right:0;padding-bottom:var(--wp--preset--spacing--20);padding-left:0\">\n<div class=\"wp-block-columns are-vertically-aligned-center is-style-section-2 is-layout-flex wp-container-core-columns-is-layout-28f84493 wp-block-columns-is-layout-flex is-style-section-2--5\">\n<div class=\"wp-block-column is-vertically-aligned-center is-layout-flow wp-block-column-is-layout-flow\" style=\"flex-basis:100%\">\n<div class=\"wp-block-columns are-vertically-aligned-center is-layout-flex wp-container-core-columns-is-layout-28f84493 wp-block-columns-is-layout-flex\">\n<div class=\"wp-block-column is-vertically-aligned-center is-layout-flow wp-block-column-is-layout-flow\" style=\"flex-basis:100%\">\n<div class=\"wp-block-columns are-vertically-aligned-center is-style-default is-layout-flex wp-container-core-columns-is-layout-28f84493 wp-block-columns-is-layout-flex\">\n<div class=\"wp-block-column is-vertically-aligned-center is-style-default is-layout-flow wp-block-column-is-layout-flow\" style=\"flex-basis:100%\">\n<div class=\"wp-block-columns are-vertically-aligned-top is-style-default is-layout-flex wp-container-core-columns-is-layout-28f84493 wp-block-columns-is-layout-flex\">\n<div class=\"wp-block-column is-vertically-aligned-top is-layout-flow wp-block-column-is-layout-flow\" style=\"flex-basis:100%\">\n<div class=\"wp-block-group is-style-section-4 is-vertical is-content-justification-stretch is-layout-flex wp-container-core-group-is-layout-353c4f5a wp-block-group-is-layout-flex is-style-section-4--6\" style=\"border-style:none;border-width:0px;border-radius:0px\">\n<p class=\"is-style-default has-literata-font-family\"><strong>Lieder, M\u00e9lodies, Songs:<\/strong><\/p>\n\n\n\n<div class=\"wp-block-columns are-vertically-aligned-center is-style-default is-layout-flex wp-container-core-columns-is-layout-28f84493 wp-block-columns-is-layout-flex\">\n<div class=\"wp-block-column is-vertically-aligned-center is-layout-flow wp-block-column-is-layout-flow\" style=\"flex-basis:100%\">\n<div class=\"wp-block-group has-global-padding is-layout-constrained wp-block-group-is-layout-constrained\">\n<p><strong>Barber:<\/strong> Solitary Hotel, Sure on this shining night, I hear an army, St Ita&rsquo; s Vision, Now I have fed and eaten up the rose, 3 songs op 45, in the wilderness.<\/p>\n<\/div>\n<\/div>\n<\/div>\n\n\n\n<p class=\"is-style-default\"><strong>Berg<\/strong> (Sieben Fr\u00fche lieder)<\/p>\n\n\n\n<p class=\"is-style-default\"><strong>Berlioz<\/strong> (Les Nuits d\u2019\u00e9t\u00e9)<\/p>\n\n\n\n<p><strong>Bernstein<\/strong>: I hate Music, west side story:Somewhere, one hand- one heart.<\/p>\n\n\n\n<p><strong>Britten <\/strong>(On the Island)<\/p>\n\n\n\n<p><strong>Brahms<\/strong>: Heimweh II \u00ab\u00a0O w\u00fc\u00dft&rsquo; ich doch den Weg zur\u00fcck\u00a0\u00bb,Die Mainacht,Von ewiger Liebe,Immer leiser wird mein Schlummer&#8230;<\/p>\n\n\n\n<p><strong>Chausson<\/strong>: Le vert colibri, La s\u00e9r\u00e9nade italienne, Nanny, H\u00e9b\u00e9, Le temps des lilas.<\/p>\n\n\n\n<p><strong>Debussy:<\/strong> C&rsquo;est l&rsquo;extase, Apparition,  Beau soir, Nuit d&rsquo;\u00e9toiles.<\/p>\n\n\n\n<p><strong>D\u00e9libes<\/strong>: Les filles de Cadix<\/p>\n\n\n\n<p><strong>Duparc<\/strong>: Invitation au voyage, Au pays ou se fait la guerre, Phydil\u00e9, Chanson triste,La vie ant\u00e9rieure.<\/p>\n\n\n\n<p><strong>Dvorak <\/strong>(M\u00e9lodies Tziganes)<\/p>\n\n\n\n<p><strong>Granados<\/strong>:La Maja e el ruise\u00f1or<\/p>\n\n\n\n<p><strong>Haendel<\/strong>: Airs de Cl\u00e9opatre dans Jules Cesar.<\/p>\n\n\n\n<p><strong>R. Hahn<\/strong>; N\u00e9\u00e8re, A Chloris, Si mes vers avaient des ailes,<\/p>\n\n\n\n<p><strong>Falla<\/strong>: &nbsp;Siete canciones populares espa\u00f1olas<\/p>\n\n\n\n<p><strong>Faure:<\/strong> Apr\u00e8s un r\u00eave, Les berceaux, Spleen, Notre amour, Au bord de l&rsquo;eau, Soir, Nell, Clair de lune.<\/p>\n\n\n\n<p><strong>Messiaen<\/strong>: Po\u00e9mes pour Mi: Action de gr\u00e2ce, le collier.<\/p>\n\n\n\n<p><strong>Poulenc <\/strong>(Les Banalit\u00e9s, les Fian\u00e7ailles pour rire, Les M\u00e9tamorphoses, 3 po\u00e8mes de Louise de Vilemorin, La courte paille, une vieille coquille vide)<\/p>\n\n\n\n<p><strong>Pr\u00e9vert\/ Kosma:<\/strong> Les feuilles mortes, Barbara, le d\u00e9s\u00e8spoire est assis sur un banc, <\/p>\n\n\n\n<p><strong>Ravel<\/strong> (Sh\u00e9h\u00e9razade)<\/p>\n\n\n\n<p><strong>Rachmaninoff:<\/strong> Zd\u00e9s khorosho, V molchani nochi taynoy , Nie poy, Son.<\/p>\n\n\n\n<p><strong>Roussel<\/strong>: R\u00e9ponse d&rsquo;une \u00e9pouse sage<\/p>\n\n\n\n<p><strong>Schubert<\/strong>: An die Musik, la Truite, Gretschen am Spinnrade, Nacht und Tr\u00e4um.<\/p>\n\n\n\n<p><strong>Schuman<\/strong>: Frauliebe und Leben<\/p>\n\n\n\n<p><strong>Richard Strauss:<\/strong> les 4 derniers Lieder, Morgen, Die Narcht,Zeitung.<\/p>\n\n\n\n<p><strong>Vivaldi<\/strong>: Sposa son disprezzata,<\/p>\n\n\n\n<p><strong>Verdi<\/strong> : Romances: Deh pietoso o addolorata, Solitaria Stanza<\/p>\n\n\n\n<p><\/p>\n\n\n\n<div class=\"wp-block-columns is-layout-flex wp-container-core-columns-is-layout-28f84493 wp-block-columns-is-layout-flex\">\n<div class=\"wp-block-column is-layout-flow wp-block-column-is-layout-flow\"><\/div>\n<\/div>\n<\/div>\n<\/div>\n<\/div>\n<\/div>\n<\/div>\n<\/div>\n<\/div>\n<\/div>\n<\/div>\n<\/div>\n<\/div>\n\n\n\n<div class=\"wp-block-columns is-layout-flex wp-container-core-columns-is-layout-28f84493 wp-block-columns-is-layout-flex\">\n<div class=\"wp-block-column is-layout-flow wp-block-column-is-layout-flow\"><\/div>\n<\/div>\n\n\n\n<div class=\"wp-block-columns is-layout-flex wp-container-core-columns-is-layout-28f84493 wp-block-columns-is-layout-flex\">\n<div class=\"wp-block-column is-layout-flow wp-block-column-is-layout-flow\"><\/div>\n\n\n\n<div class=\"wp-block-column is-layout-flow wp-block-column-is-layout-flow\"><\/div>\n\n\n\n<div class=\"wp-block-column is-layout-flow wp-block-column-is-layout-flow\"><\/div>\n<\/div>\n\n\n\n<p><\/p>","protected":false},"excerpt":{"rendered":"<p>Lieder, M\u00e9lodies, Songs: Barber: Solitary Hotel, Sure on this shining night, I hear an army, St Ita&rsquo; s Vision, Now I have fed and eaten up the rose, 3 songs op 45, in the wilderness. Berg (Sieben Fr\u00fche lieder) Berlioz (Les Nuits d\u2019\u00e9t\u00e9) Bernstein: I hate Music, west side story:Somewhere, one hand- one heart. Britten [&hellip;]<\/p>\n","protected":false},"author":2,"featured_media":0,"parent":0,"menu_order":0,"comment_status":"closed","ping_status":"closed","template":"","meta":{"footnotes":""},"class_list":["post-80","page","type-page","status-publish","hentry"],"_links":{"self":[{"href":"https:\/\/adelinetimsit.fr\/en\/wp-json\/wp\/v2\/pages\/80","targetHints":{"allow":["GET"]}}],"collection":[{"href":"https:\/\/adelinetimsit.fr\/en\/wp-json\/wp\/v2\/pages"}],"about":[{"href":"https:\/\/adelinetimsit.fr\/en\/wp-json\/wp\/v2\/types\/page"}],"author":[{"embeddable":true,"href":"https:\/\/adelinetimsit.fr\/en\/wp-json\/wp\/v2\/users\/2"}],"replies":[{"embeddable":true,"href":"https:\/\/adelinetimsit.fr\/en\/wp-json\/wp\/v2\/comments?post=80"}],"version-history":[{"count":52,"href":"https:\/\/adelinetimsit.fr\/en\/wp-json\/wp\/v2\/pages\/80\/revisions"}],"predecessor-version":[{"id":1028,"href":"https:\/\/adelinetimsit.fr\/en\/wp-json\/wp\/v2\/pages\/80\/revisions\/1028"}],"wp:attachment":[{"href":"https:\/\/adelinetimsit.fr\/en\/wp-json\/wp\/v2\/media?parent=80"}],"curies":[{"name":"wp","href":"https:\/\/api.w.org\/{rel}","templated":true}]}}